{"id":11,"date":"2020-03-06T13:59:52","date_gmt":"2020-03-06T13:59:52","guid":{"rendered":"http:\/\/www.richtigeslernen.ch\/cms\/?page_id=11"},"modified":"2026-03-19T15:00:49","modified_gmt":"2026-03-19T15:00:49","slug":"kurs-ueberblick","status":"publish","type":"page","link":"https:\/\/www.richtigeslernen.ch\/cms\/kurs-ueberblick\/","title":{"rendered":"Kurs \u00dcberblick"},"content":{"rendered":"\n<p class=\"has-black-color has-text-color has-link-color wp-elements-2b8cc460df269bbf019aed281957fbbd\"><br><strong>Nachhilfe<\/strong><\/p>\n\n\n\n<p class=\"has-black-color has-text-color has-link-color wp-elements-ca0515ba2b13b687661cc30d99332345\">Der Sch\u00fcler kommt zur Nachhilfe, weil er sich unsicher f\u00fchlt, das zu Angst und Unwohlsein in der Schule f\u00fchrt. Die Unsicherheit kommt durch L\u00fccken oder ungenaues Wissen des Lehrstoffes. Hier wird dem Sch\u00fcler in individuellen und fachkompetentem Unterricht die M\u00f6glichkeit gegeben, den Lehrstoff aufzuarbeiten, die L\u00fccken zu schliessen und damit wieder Freude an der Schule zu finden.<\/p>\n\n\n\n<p class=\"has-black-color has-text-color has-link-color wp-elements-cc0e541ab80720b9829b9ef9fc458ded\">Beginn jederzeit m\u00f6glich<\/p>\n\n\n\n<p><\/p>\n\n\n\n<p class=\"has-black-color has-text-color has-link-color wp-elements-64f2529f277737a84b6a76a91c874632\"><strong>Pr\u00fcfungsvorbereitung Gym 6. Kl<\/strong><\/p>\n\n\n\n<p class=\"has-black-color has-text-color has-link-color wp-elements-b82df7e4d0be7256e6f0e9a69383f234\">Hier kann auf Wunsch einzeln oder in Gruppen mit max 4 Sch\u00fclern gearbeitet werden. Dabei wird immer noch geachtet, das individuell auf jedes Kind eingegangen wird. Die Kurspapiere sind klar strukturiert und auch auf das Ziel abgestimmt, dass die Sch\u00fcler den Anfang im Gymnasium gut \u00fcberstehen k\u00f6nnen. Der Stoff der 6. Klasse in Deutsch und Mathematik wird aufgearbeitet und vertieft. An Hand von einigen Pr\u00fcfungs-Tests wird den Sch\u00fclern geholfen, Sicherheit im Stoff und \u00dcberwindung von Pr\u00fcfungsangst zu bekommen. W\u00e4hrend des Unterrichts wird nur Hochdeutsch gesprochen, was den Start f\u00fcr weiterf\u00fchrende Schulen erfahrungsgem\u00e4ss erleichtert.<\/p>\n\n\n\n<p class=\"has-black-color has-text-color has-link-color wp-elements-262b9e67bf0c90b1677a368e94dd8faa\">Start nach M\u00f6glichkeit nach den Sommerferien, oder nach Absprache. Eventuell auch schon noch w\u00e4hrend Ende der 5. Kl.<\/p>\n\n\n\n<p class=\"has-black-color has-text-color has-link-color wp-elements-644b083e1963a1af645c89c52c73ee43\"><strong><br><strong>Probezeitbegleitung 1. Gym\/1.Sek.<\/strong><\/strong><\/p>\n\n\n\n<p class=\"has-black-color has-text-color has-link-color wp-elements-6d05aef1b41a5983c6c4882692689fca\">In diesem Kurs werden die F\u00e4cher Deutsch und Mathematik unterrichtet. Hierbei wird der Lehrstoff und das Thema, durch die Schule vorbestimmt, noch einmal besprochen und intensiviert. Bei erkennbaren L\u00fccken wird der Lehrstoff durch Theorie erg\u00e4nzt und aufgearbeitet.<\/p>\n\n\n\n<p>Einzel- oder Gruppenunterricht m\u00f6glich<\/p>\n\n\n\n<p class=\"has-black-color has-text-color has-link-color wp-elements-2d97fd0a3aa80cfbdbd636c13345284d\">Beginn nach Absprache<\/p>\n\n\n\n<p class=\"has-black-color has-text-color has-link-color wp-elements-90a0789ccfa824292a02927427cbc123\"><strong><br><strong>\u00dcbertrittsvorbereitung f\u00fcr Kurzgymi und BMS (2. und 3. Sek)<\/strong><\/strong><\/p>\n\n\n\n<p class=\"has-black-color has-text-color has-link-color wp-elements-64180cb458eb07125be4308b8d3e2bb9\">Ehemalige Pr\u00fcfungen in Deutsch und Mathematik sind Ausgangsbasis dieses Kurses. Anhand dieser Pr\u00fcfungen werden Schwierigkeiten und L\u00f6sungswege aufgezeigt. Fehlender Lehrstoff und L\u00fccken werden gemeinsam aufgearbeitet und geschlossen.<\/p>\n\n\n\n<p>Einzel- oder Gruppenunterricht m\u00f6glich<\/p>\n\n\n\n<p class=\"has-black-color has-text-color has-link-color wp-elements-d01c5f34ee09c82f7e7d5ae008c6b67d\"> Start nach den Sommerferien, gegebenenfalls auch noch w\u00e4hrend Ende der 1. Sek.<\/p>\n\n\n\n<p>M\u00f6chten Sie gerne einen Termin vereinbaren oder mehr <a href=\"http:\/\/www.richtigeslernen.ch\/cms\/ueber-uns\/\">\u00fcber uns<\/a> erfahren &#8211; bitte kontaktieren Sie uns \u00fcber die Seite <a href=\"http:\/\/www.richtigeslernen.ch\/cms\/kontakt\/\">Kontakt<\/a>.<\/p>\n\n\n\n<p><\/p>\n","protected":false},"excerpt":{"rendered":"<p>Nachhilfe Der Sch\u00fcler kommt zur Nachhilfe, weil er sich unsicher f\u00fchlt, das zu Angst und Unwohlsein in der Schule f\u00fchrt. Die Unsicherheit kommt durch L\u00fccken oder ungenaues Wissen des Lehrstoffes. &#8230;<\/p>\n","protected":false},"author":1,"featured_media":0,"parent":0,"menu_order":0,"comment_status":"closed","ping_status":"closed","template":"","meta":{"footnotes":""},"class_list":["post-11","page","type-page","status-publish","hentry"],"yoast_head":"<!-- This site is optimized with the Yoast SEO plugin v27.1.1 - https:\/\/yoast.com\/product\/yoast-seo-wordpress\/ -->\n<title>Kurs \u00dcberblick - Richtiges Lernen<\/title>\n<meta name=\"robots\" content=\"index, follow, max-snippet:-1, max-image-preview:large, max-video-preview:-1\" \/>\n<link rel=\"canonical\" href=\"https:\/\/www.richtigeslernen.ch\/cms\/kurs-ueberblick\/\" \/>\n<meta property=\"og:locale\" content=\"de_DE\" \/>\n<meta property=\"og:type\" content=\"article\" \/>\n<meta property=\"og:title\" content=\"Kurs \u00dcberblick - Richtiges Lernen\" \/>\n<meta property=\"og:description\" content=\"Nachhilfe Der Sch\u00fcler kommt zur Nachhilfe, weil er sich unsicher f\u00fchlt, das zu Angst und Unwohlsein in der Schule f\u00fchrt. Die Unsicherheit kommt durch L\u00fccken oder ungenaues Wissen des Lehrstoffes. ...\" \/>\n<meta property=\"og:url\" content=\"https:\/\/www.richtigeslernen.ch\/cms\/kurs-ueberblick\/\" \/>\n<meta property=\"og:site_name\" content=\"Richtiges Lernen\" \/>\n<meta property=\"article:modified_time\" content=\"2026-03-19T15:00:49+00:00\" \/>\n<meta name=\"twitter:card\" content=\"summary_large_image\" \/>\n<meta name=\"twitter:label1\" content=\"Gesch\u00e4tzte Lesezeit\" \/>\n\t<meta name=\"twitter:data1\" content=\"2\u00a0Minuten\" \/>\n<script type=\"application\/ld+json\" class=\"yoast-schema-graph\">{\"@context\":\"https:\/\/schema.org\",\"@graph\":[{\"@type\":\"WebPage\",\"@id\":\"https:\/\/www.richtigeslernen.ch\/cms\/kurs-ueberblick\/\",\"url\":\"https:\/\/www.richtigeslernen.ch\/cms\/kurs-ueberblick\/\",\"name\":\"Kurs \u00dcberblick - Richtiges Lernen\",\"isPartOf\":{\"@id\":\"https:\/\/www.richtigeslernen.ch\/cms\/#website\"},\"datePublished\":\"2020-03-06T13:59:52+00:00\",\"dateModified\":\"2026-03-19T15:00:49+00:00\",\"breadcrumb\":{\"@id\":\"https:\/\/www.richtigeslernen.ch\/cms\/kurs-ueberblick\/#breadcrumb\"},\"inLanguage\":\"de-CH\",\"potentialAction\":[{\"@type\":\"ReadAction\",\"target\":[\"https:\/\/www.richtigeslernen.ch\/cms\/kurs-ueberblick\/\"]}]},{\"@type\":\"BreadcrumbList\",\"@id\":\"https:\/\/www.richtigeslernen.ch\/cms\/kurs-ueberblick\/#breadcrumb\",\"itemListElement\":[{\"@type\":\"ListItem\",\"position\":1,\"name\":\"Startseite\",\"item\":\"https:\/\/www.richtigeslernen.ch\/cms\/\"},{\"@type\":\"ListItem\",\"position\":2,\"name\":\"Kurs \u00dcberblick\"}]},{\"@type\":\"WebSite\",\"@id\":\"https:\/\/www.richtigeslernen.ch\/cms\/#website\",\"url\":\"https:\/\/www.richtigeslernen.ch\/cms\/\",\"name\":\"Richtiges Lernen\",\"description\":\"Ingrid Allen\",\"publisher\":{\"@id\":\"https:\/\/www.richtigeslernen.ch\/cms\/#organization\"},\"potentialAction\":[{\"@type\":\"SearchAction\",\"target\":{\"@type\":\"EntryPoint\",\"urlTemplate\":\"https:\/\/www.richtigeslernen.ch\/cms\/?s={search_term_string}\"},\"query-input\":{\"@type\":\"PropertyValueSpecification\",\"valueRequired\":true,\"valueName\":\"search_term_string\"}}],\"inLanguage\":\"de-CH\"},{\"@type\":\"Organization\",\"@id\":\"https:\/\/www.richtigeslernen.ch\/cms\/#organization\",\"name\":\"Richtiges Lernen\",\"url\":\"https:\/\/www.richtigeslernen.ch\/cms\/\",\"logo\":{\"@type\":\"ImageObject\",\"inLanguage\":\"de-CH\",\"@id\":\"https:\/\/www.richtigeslernen.ch\/cms\/#\/schema\/logo\/image\/\",\"url\":\"https:\/\/www.richtigeslernen.ch\/cms\/wp-content\/uploads\/2020\/03\/cropped-rl_ban.jpg\",\"contentUrl\":\"https:\/\/www.richtigeslernen.ch\/cms\/wp-content\/uploads\/2020\/03\/cropped-rl_ban.jpg\",\"width\":356,\"height\":80,\"caption\":\"Richtiges Lernen\"},\"image\":{\"@id\":\"https:\/\/www.richtigeslernen.ch\/cms\/#\/schema\/logo\/image\/\"}}]}<\/script>\n<!-- \/ Yoast SEO plugin. -->","yoast_head_json":{"title":"Kurs \u00dcberblick - Richtiges Lernen","robots":{"index":"index","follow":"follow","max-snippet":"max-snippet:-1","max-image-preview":"max-image-preview:large","max-video-preview":"max-video-preview:-1"},"canonical":"https:\/\/www.richtigeslernen.ch\/cms\/kurs-ueberblick\/","og_locale":"de_DE","og_type":"article","og_title":"Kurs \u00dcberblick - Richtiges Lernen","og_description":"Nachhilfe Der Sch\u00fcler kommt zur Nachhilfe, weil er sich unsicher f\u00fchlt, das zu Angst und Unwohlsein in der Schule f\u00fchrt. Die Unsicherheit kommt durch L\u00fccken oder ungenaues Wissen des Lehrstoffes. ...","og_url":"https:\/\/www.richtigeslernen.ch\/cms\/kurs-ueberblick\/","og_site_name":"Richtiges Lernen","article_modified_time":"2026-03-19T15:00:49+00:00","twitter_card":"summary_large_image","twitter_misc":{"Gesch\u00e4tzte Lesezeit":"2\u00a0Minuten"},"schema":{"@context":"https:\/\/schema.org","@graph":[{"@type":"WebPage","@id":"https:\/\/www.richtigeslernen.ch\/cms\/kurs-ueberblick\/","url":"https:\/\/www.richtigeslernen.ch\/cms\/kurs-ueberblick\/","name":"Kurs \u00dcberblick - Richtiges Lernen","isPartOf":{"@id":"https:\/\/www.richtigeslernen.ch\/cms\/#website"},"datePublished":"2020-03-06T13:59:52+00:00","dateModified":"2026-03-19T15:00:49+00:00","breadcrumb":{"@id":"https:\/\/www.richtigeslernen.ch\/cms\/kurs-ueberblick\/#breadcrumb"},"inLanguage":"de-CH","potentialAction":[{"@type":"ReadAction","target":["https:\/\/www.richtigeslernen.ch\/cms\/kurs-ueberblick\/"]}]},{"@type":"BreadcrumbList","@id":"https:\/\/www.richtigeslernen.ch\/cms\/kurs-ueberblick\/#breadcrumb","itemListElement":[{"@type":"ListItem","position":1,"name":"Startseite","item":"https:\/\/www.richtigeslernen.ch\/cms\/"},{"@type":"ListItem","position":2,"name":"Kurs \u00dcberblick"}]},{"@type":"WebSite","@id":"https:\/\/www.richtigeslernen.ch\/cms\/#website","url":"https:\/\/www.richtigeslernen.ch\/cms\/","name":"Richtiges Lernen","description":"Ingrid Allen","publisher":{"@id":"https:\/\/www.richtigeslernen.ch\/cms\/#organization"},"potentialAction":[{"@type":"SearchAction","target":{"@type":"EntryPoint","urlTemplate":"https:\/\/www.richtigeslernen.ch\/cms\/?s={search_term_string}"},"query-input":{"@type":"PropertyValueSpecification","valueRequired":true,"valueName":"search_term_string"}}],"inLanguage":"de-CH"},{"@type":"Organization","@id":"https:\/\/www.richtigeslernen.ch\/cms\/#organization","name":"Richtiges Lernen","url":"https:\/\/www.richtigeslernen.ch\/cms\/","logo":{"@type":"ImageObject","inLanguage":"de-CH","@id":"https:\/\/www.richtigeslernen.ch\/cms\/#\/schema\/logo\/image\/","url":"https:\/\/www.richtigeslernen.ch\/cms\/wp-content\/uploads\/2020\/03\/cropped-rl_ban.jpg","contentUrl":"https:\/\/www.richtigeslernen.ch\/cms\/wp-content\/uploads\/2020\/03\/cropped-rl_ban.jpg","width":356,"height":80,"caption":"Richtiges Lernen"},"image":{"@id":"https:\/\/www.richtigeslernen.ch\/cms\/#\/schema\/logo\/image\/"}}]}},"_links":{"self":[{"href":"https:\/\/www.richtigeslernen.ch\/cms\/wp-json\/wp\/v2\/pages\/11","targetHints":{"allow":["GET"]}}],"collection":[{"href":"https:\/\/www.richtigeslernen.ch\/cms\/wp-json\/wp\/v2\/pages"}],"about":[{"href":"https:\/\/www.richtigeslernen.ch\/cms\/wp-json\/wp\/v2\/types\/page"}],"author":[{"embeddable":true,"href":"https:\/\/www.richtigeslernen.ch\/cms\/wp-json\/wp\/v2\/users\/1"}],"replies":[{"embeddable":true,"href":"https:\/\/www.richtigeslernen.ch\/cms\/wp-json\/wp\/v2\/comments?post=11"}],"version-history":[{"count":7,"href":"https:\/\/www.richtigeslernen.ch\/cms\/wp-json\/wp\/v2\/pages\/11\/revisions"}],"predecessor-version":[{"id":184,"href":"https:\/\/www.richtigeslernen.ch\/cms\/wp-json\/wp\/v2\/pages\/11\/revisions\/184"}],"wp:attachment":[{"href":"https:\/\/www.richtigeslernen.ch\/cms\/wp-json\/wp\/v2\/media?parent=11"}],"curies":[{"name":"wp","href":"https:\/\/api.w.org\/{rel}","templated":true}]}}