{"id":133,"date":"2020-03-06T17:25:45","date_gmt":"2020-03-06T17:25:45","guid":{"rendered":"http:\/\/www.richtigeslernen.ch\/cms\/?page_id=133"},"modified":"2026-03-19T08:42:23","modified_gmt":"2026-03-19T08:42:23","slug":"impressum","status":"publish","type":"page","link":"https:\/\/www.richtigeslernen.ch\/cms\/impressum\/","title":{"rendered":"Impressum"},"content":{"rendered":"\n<figure class=\"wp-block-table is-style-stripes\"><table class=\"has-black-color has-text-color has-link-color\"><tbody><tr><td><strong>Verantwortlich f\u00fcr den Inhalt<\/strong><\/td><td><strong>Webseiten Erstellung und Hosting<\/strong><\/td><\/tr><tr><td><strong>Ingrid Allen<\/strong><br>Seestrasse 199<br>CH-8820 W\u00e4denswil<br>Switzerland<br>Mobile : <a href=\"tel:0792097165\">079 209 71 65<\/a><br><\/td><td><strong>abc4IT GmbH<\/strong><br>Schmidgass 2<br>CH-8820 W\u00e4denswil<br>Tel. <a href=\"tel:0446802656\">044 680 26 56<\/a><br><a href=\"http:\/\/www.abc4it.com\">www.abc4it.com<\/a><br><\/td><\/tr><\/tbody><\/table><\/figure>\n\n\n\n<p><\/p>\n","protected":false},"excerpt":{"rendered":"<p>Verantwortlich f\u00fcr den Inhalt Webseiten Erstellung und Hosting Ingrid AllenSeestrasse 199CH-8820 W\u00e4denswilSwitzerlandMobile : 079 209 71 65 abc4IT GmbHSchmidgass 2CH-8820 W\u00e4denswilTel. 044 680 26 56www.abc4it.com<\/p>\n","protected":false},"author":1,"featured_media":0,"parent":0,"menu_order":0,"comment_status":"closed","ping_status":"closed","template":"","meta":{"footnotes":""},"class_list":["post-133","page","type-page","status-publish","hentry"],"yoast_head":"<!-- This site is optimized with the Yoast SEO plugin v27.1.1 - https:\/\/yoast.com\/product\/yoast-seo-wordpress\/ -->\n<title>Impressum - Richtiges Lernen<\/title>\n<meta name=\"robots\" content=\"index, follow, max-snippet:-1, max-image-preview:large, max-video-preview:-1\" \/>\n<link rel=\"canonical\" href=\"https:\/\/www.richtigeslernen.ch\/cms\/impressum\/\" \/>\n<meta property=\"og:locale\" content=\"de_DE\" \/>\n<meta property=\"og:type\" content=\"article\" \/>\n<meta property=\"og:title\" content=\"Impressum - Richtiges Lernen\" \/>\n<meta property=\"og:description\" content=\"Verantwortlich f\u00fcr den Inhalt Webseiten Erstellung und Hosting Ingrid AllenSeestrasse 199CH-8820 W\u00e4denswilSwitzerlandMobile : 079 209 71 65 abc4IT GmbHSchmidgass 2CH-8820 W\u00e4denswilTel. 044 680 26 56www.abc4it.com\" \/>\n<meta property=\"og:url\" content=\"https:\/\/www.richtigeslernen.ch\/cms\/impressum\/\" \/>\n<meta property=\"og:site_name\" content=\"Richtiges Lernen\" \/>\n<meta property=\"article:modified_time\" content=\"2026-03-19T08:42:23+00:00\" \/>\n<meta name=\"twitter:card\" content=\"summary_large_image\" \/>\n<meta name=\"twitter:label1\" content=\"Gesch\u00e4tzte Lesezeit\" \/>\n\t<meta name=\"twitter:data1\" content=\"1\u00a0Minute\" \/>\n<script type=\"application\/ld+json\" class=\"yoast-schema-graph\">{\"@context\":\"https:\/\/schema.org\",\"@graph\":[{\"@type\":\"WebPage\",\"@id\":\"https:\/\/www.richtigeslernen.ch\/cms\/impressum\/\",\"url\":\"https:\/\/www.richtigeslernen.ch\/cms\/impressum\/\",\"name\":\"Impressum - Richtiges Lernen\",\"isPartOf\":{\"@id\":\"https:\/\/www.richtigeslernen.ch\/cms\/#website\"},\"datePublished\":\"2020-03-06T17:25:45+00:00\",\"dateModified\":\"2026-03-19T08:42:23+00:00\",\"breadcrumb\":{\"@id\":\"https:\/\/www.richtigeslernen.ch\/cms\/impressum\/#breadcrumb\"},\"inLanguage\":\"de-CH\",\"potentialAction\":[{\"@type\":\"ReadAction\",\"target\":[\"https:\/\/www.richtigeslernen.ch\/cms\/impressum\/\"]}]},{\"@type\":\"BreadcrumbList\",\"@id\":\"https:\/\/www.richtigeslernen.ch\/cms\/impressum\/#breadcrumb\",\"itemListElement\":[{\"@type\":\"ListItem\",\"position\":1,\"name\":\"Startseite\",\"item\":\"https:\/\/www.richtigeslernen.ch\/cms\/\"},{\"@type\":\"ListItem\",\"position\":2,\"name\":\"Impressum\"}]},{\"@type\":\"WebSite\",\"@id\":\"https:\/\/www.richtigeslernen.ch\/cms\/#website\",\"url\":\"https:\/\/www.richtigeslernen.ch\/cms\/\",\"name\":\"Richtiges Lernen\",\"description\":\"Ingrid Allen\",\"publisher\":{\"@id\":\"https:\/\/www.richtigeslernen.ch\/cms\/#organization\"},\"potentialAction\":[{\"@type\":\"SearchAction\",\"target\":{\"@type\":\"EntryPoint\",\"urlTemplate\":\"https:\/\/www.richtigeslernen.ch\/cms\/?s={search_term_string}\"},\"query-input\":{\"@type\":\"PropertyValueSpecification\",\"valueRequired\":true,\"valueName\":\"search_term_string\"}}],\"inLanguage\":\"de-CH\"},{\"@type\":\"Organization\",\"@id\":\"https:\/\/www.richtigeslernen.ch\/cms\/#organization\",\"name\":\"Richtiges Lernen\",\"url\":\"https:\/\/www.richtigeslernen.ch\/cms\/\",\"logo\":{\"@type\":\"ImageObject\",\"inLanguage\":\"de-CH\",\"@id\":\"https:\/\/www.richtigeslernen.ch\/cms\/#\/schema\/logo\/image\/\",\"url\":\"https:\/\/www.richtigeslernen.ch\/cms\/wp-content\/uploads\/2020\/03\/cropped-rl_ban.jpg\",\"contentUrl\":\"https:\/\/www.richtigeslernen.ch\/cms\/wp-content\/uploads\/2020\/03\/cropped-rl_ban.jpg\",\"width\":356,\"height\":80,\"caption\":\"Richtiges Lernen\"},\"image\":{\"@id\":\"https:\/\/www.richtigeslernen.ch\/cms\/#\/schema\/logo\/image\/\"}}]}<\/script>\n<!-- \/ Yoast SEO plugin. -->","yoast_head_json":{"title":"Impressum - Richtiges Lernen","robots":{"index":"index","follow":"follow","max-snippet":"max-snippet:-1","max-image-preview":"max-image-preview:large","max-video-preview":"max-video-preview:-1"},"canonical":"https:\/\/www.richtigeslernen.ch\/cms\/impressum\/","og_locale":"de_DE","og_type":"article","og_title":"Impressum - Richtiges Lernen","og_description":"Verantwortlich f\u00fcr den Inhalt Webseiten Erstellung und Hosting Ingrid AllenSeestrasse 199CH-8820 W\u00e4denswilSwitzerlandMobile : 079 209 71 65 abc4IT GmbHSchmidgass 2CH-8820 W\u00e4denswilTel. 044 680 26 56www.abc4it.com","og_url":"https:\/\/www.richtigeslernen.ch\/cms\/impressum\/","og_site_name":"Richtiges Lernen","article_modified_time":"2026-03-19T08:42:23+00:00","twitter_card":"summary_large_image","twitter_misc":{"Gesch\u00e4tzte Lesezeit":"1\u00a0Minute"},"schema":{"@context":"https:\/\/schema.org","@graph":[{"@type":"WebPage","@id":"https:\/\/www.richtigeslernen.ch\/cms\/impressum\/","url":"https:\/\/www.richtigeslernen.ch\/cms\/impressum\/","name":"Impressum - Richtiges Lernen","isPartOf":{"@id":"https:\/\/www.richtigeslernen.ch\/cms\/#website"},"datePublished":"2020-03-06T17:25:45+00:00","dateModified":"2026-03-19T08:42:23+00:00","breadcrumb":{"@id":"https:\/\/www.richtigeslernen.ch\/cms\/impressum\/#breadcrumb"},"inLanguage":"de-CH","potentialAction":[{"@type":"ReadAction","target":["https:\/\/www.richtigeslernen.ch\/cms\/impressum\/"]}]},{"@type":"BreadcrumbList","@id":"https:\/\/www.richtigeslernen.ch\/cms\/impressum\/#breadcrumb","itemListElement":[{"@type":"ListItem","position":1,"name":"Startseite","item":"https:\/\/www.richtigeslernen.ch\/cms\/"},{"@type":"ListItem","position":2,"name":"Impressum"}]},{"@type":"WebSite","@id":"https:\/\/www.richtigeslernen.ch\/cms\/#website","url":"https:\/\/www.richtigeslernen.ch\/cms\/","name":"Richtiges Lernen","description":"Ingrid Allen","publisher":{"@id":"https:\/\/www.richtigeslernen.ch\/cms\/#organization"},"potentialAction":[{"@type":"SearchAction","target":{"@type":"EntryPoint","urlTemplate":"https:\/\/www.richtigeslernen.ch\/cms\/?s={search_term_string}"},"query-input":{"@type":"PropertyValueSpecification","valueRequired":true,"valueName":"search_term_string"}}],"inLanguage":"de-CH"},{"@type":"Organization","@id":"https:\/\/www.richtigeslernen.ch\/cms\/#organization","name":"Richtiges Lernen","url":"https:\/\/www.richtigeslernen.ch\/cms\/","logo":{"@type":"ImageObject","inLanguage":"de-CH","@id":"https:\/\/www.richtigeslernen.ch\/cms\/#\/schema\/logo\/image\/","url":"https:\/\/www.richtigeslernen.ch\/cms\/wp-content\/uploads\/2020\/03\/cropped-rl_ban.jpg","contentUrl":"https:\/\/www.richtigeslernen.ch\/cms\/wp-content\/uploads\/2020\/03\/cropped-rl_ban.jpg","width":356,"height":80,"caption":"Richtiges Lernen"},"image":{"@id":"https:\/\/www.richtigeslernen.ch\/cms\/#\/schema\/logo\/image\/"}}]}},"_links":{"self":[{"href":"https:\/\/www.richtigeslernen.ch\/cms\/wp-json\/wp\/v2\/pages\/133","targetHints":{"allow":["GET"]}}],"collection":[{"href":"https:\/\/www.richtigeslernen.ch\/cms\/wp-json\/wp\/v2\/pages"}],"about":[{"href":"https:\/\/www.richtigeslernen.ch\/cms\/wp-json\/wp\/v2\/types\/page"}],"author":[{"embeddable":true,"href":"https:\/\/www.richtigeslernen.ch\/cms\/wp-json\/wp\/v2\/users\/1"}],"replies":[{"embeddable":true,"href":"https:\/\/www.richtigeslernen.ch\/cms\/wp-json\/wp\/v2\/comments?post=133"}],"version-history":[{"count":6,"href":"https:\/\/www.richtigeslernen.ch\/cms\/wp-json\/wp\/v2\/pages\/133\/revisions"}],"predecessor-version":[{"id":162,"href":"https:\/\/www.richtigeslernen.ch\/cms\/wp-json\/wp\/v2\/pages\/133\/revisions\/162"}],"wp:attachment":[{"href":"https:\/\/www.richtigeslernen.ch\/cms\/wp-json\/wp\/v2\/media?parent=133"}],"curies":[{"name":"wp","href":"https:\/\/api.w.org\/{rel}","templated":true}]}}